{"id":3825,"date":"2020-01-17T14:14:10","date_gmt":"2020-01-17T14:14:10","guid":{"rendered":"https:\/\/ajflywatersports.es\/?page_id=3825"},"modified":"2025-12-10T15:32:21","modified_gmt":"2025-12-10T15:32:21","slug":"jet-ski-tenerife","status":"publish","type":"page","link":"https:\/\/ajflywatersports.es\/en\/jet-ski-tenerife","title":{"rendered":"Jet ski Tenerife"},"content":{"rendered":"<p>[vc_row enable_surfer_icon=&#8221;no&#8221;][vc_column][vc_single_image image=&#8221;4227&#8243; img_size=&#8221;full&#8221;][\/vc_column][\/vc_row][vc_row enable_surfer_icon=&#8221;no&#8221; css=&#8221;.vc_custom_1579277130626{padding-top: 16px !important;}&#8221;][vc_column offset=&#8221;vc_col-lg-offset-0 vc_col-lg-12 vc_col-md-offset-0 vc_col-md-12 vc_col-sm-offset-0 vc_col-xs-12&#8243; el_class=&#8221;qodef-map&#8221;][vc_column_text]<\/p>\n<h2>JET SKI TENERIFE COSTA ADEJE TENERIFE<\/h2>\n<p>[\/vc_column_text][\/vc_column][\/vc_row][vc_row content_text_aligment=&#8221;left&#8221; enable_surfer_icon=&#8221;no&#8221; css=&#8221;.vc_custom_1582543773844{padding-top: 14px !important;}&#8221;][vc_column][vc_column_text]<strong>Jet Ski Tenerife<\/strong> Costa Adeje: Want to feel the adrenaline of riding along the coast at full speed? At AJ Fly Watersports, we offer you an exciting one-hour tour along the south coast of Tenerife that you\u2019ll never forget.<\/p>\n<p>&nbsp;<\/p>\n<p>Our jet ski tour will take you along the beautiful coast of Adeje, one of the most popular and touristic areas of the island. We will start our adventure in Puerto Colon, one of the most important marinas on the coast of Adeje, where you will be met by our experienced jet ski guides and given a short safety briefing.<\/p>\n<p>&nbsp;<\/p>\n<p>At Aj Fly Watersports, we make sure you have everything you need to enjoy the experience. We will provide you with the necessary safety equipment, such as a life jacket, so that you feel safe at all times. We will also provide you with the best equipment for you to enjoy the jet ski ride.[\/vc_column_text][vc_column_text css=&#8221;.vc_custom_1645764948524{padding-top: 2px !important;}&#8221;]<\/p>\n<blockquote>\n<p style=\"text-align: left;\">Maximum fun and adrenaline in this activity that you can do alone or as a couple.<\/p>\n<\/blockquote>\n<p>[\/vc_column_text][vc_column_text]During the tour, our guides will take you to explore the south coast of Tenerife, which is known for its beautiful beaches, breathtaking landscapes and crystal clear waters. You will be amazed by the beauty of places like Playa del Duque, Playa Fa\u00f1ab\u00e9 or Playa de las Am\u00e9ricas. Also, if you are lucky, you might see some dolphins or whales during the tour.<\/p>\n<p>&nbsp;<\/p>\n<p>For you to enjoy the experience to the fullest, our guides will choose the route depending on the weather and sea conditions to ensure your safety and the best possible jet ski experience. During the tour, you will be able to accelerate at full speed and feel the sea breeze on your face while having fun on the water.<\/p>\n<p>&nbsp;<\/p>\n<p>No matter if you are a beginner or an expert in jet skiing, at Aj Fly Watersports, we ensure you an exciting and unforgettable experience on the south coast of Tenerife. Are you ready for adventure? Book your jet ski tour in Tenerife with us now and live a unique and unforgettable experience on the coast of Adeje![\/vc_column_text][vc_empty_space height=&#8221;15px&#8221;][vc_column_text]<\/p>\n<h2><strong>GENERAL INFORMATION<\/strong><\/h2>\n<ul>\n<li style=\"font-weight: 400;\" aria-level=\"2\">All clients must sign a document at the beginning of the activity agreeing to follow the rules and safety instructions of the instructors.<\/li>\n<li style=\"font-weight: 400;\" aria-level=\"2\">No license or permit is required to enjoy this experience.<\/li>\n<li style=\"font-weight: 400;\" aria-level=\"2\">Must be at least 18 years of age or older from 16 to 18 years of age, only with signed parental or mentor approval.<\/li>\n<li style=\"font-weight: 400;\" aria-level=\"2\">You must be punctual at the reserved time, otherwise the reservation will be lost.<\/li>\n<li style=\"font-weight: 400;\" aria-level=\"2\">Insurance and fuel are included in the price.<\/li>\n<\/ul>\n<p>[\/vc_column_text][\/vc_column][\/vc_row][vc_row content_text_aligment=&#8221;left&#8221; enable_surfer_icon=&#8221;no&#8221; css=&#8221;.vc_custom_1582543773844{padding-top: 14px !important;}&#8221;][vc_column]<div class=\"qodef-elements-holder   qodef-one-column  qodef-responsive-mode-768 \" ><div class=\"qodef-eh-item    \"  data-item-class=\"qodef-eh-custom-8563\" data-769-1024=\"18px 0px 17px 31px\" data-681-768=\"21px 0px 17px 33px\" data-680=\"9px 0px 17px 30px\">\n\t<div class=\"qodef-eh-item-inner\">\n\t\t<div class=\"qodef-eh-item-content qodef-eh-custom-8563\" style=\"padding: 0 0 0 5%\">\n\t\t\t[vc_column_text css=&#8221;.vc_custom_1689203965936{margin-top: 0px !important;}&#8221;]<\/p>\n<h2><strong>Prices and booking<\/strong><\/h2>\n<p>[\/vc_column_text][vc_empty_space height=&#8221;8px&#8221;][vc_column_text css=&#8221;.vc_custom_1645244012397{padding-top: 3px !important;}&#8221;][\/vc_column_text][vc_empty_space height=&#8221;5px&#8221;]\r\n\t<ul class=\"tt_event_items_list\">\r\n\t\t\r\n\t<li class=\"timetable_clearfix type_info\">\r\n\t\t<label>1 Person.<\/label><div class=\"tt_event_text\">100\u20ac<\/div>\r\n\t<\/li>\r\n\t<li class=\"timetable_clearfix type_info\">\r\n\t\t<label>2 People.<\/label><div class=\"tt_event_text\">120\u20ac<\/div>\r\n\t<\/li>\r\n\t<\/ul><a itemprop=\"url\" href=\"https:\/\/app.turitop.com\/booking\/box\/A744\/P3\/en\/0\/aHR0cDovL2FqZmx5d2F0ZXJzcG9ydHMuZXMv\/0\/0?ts=1646110138029&#038;returnUrl=aHR0cDovL2FqZmx5d2F0ZXJzcG9ydHMuZXMvcGFyYXNhaWxpbmctdGVuZXJpZmU=&#038;loading=1#\" target=\"_self\" style=\"border-color: #9a999e;padding: 13px 37px 10px\" class=\"qodef-btn qodef-btn-large qodef-btn-outline qodef-btn-custom-hover-bg qodef-btn-custom-hover-color qodef-btn-wave-hover\" data-hover-color=\"#ffffff\" data-hover-bg-color=\"#001239\" rel=\"noopener\">\n        <span class=\"qodef-btn-text\">Book now<\/span>\n            <span class=\"qodef-btn-wave-holder\" style=\"background-image: url(&quot;data:image\/svg+xml,%3Csvg xmlns=&#039;http:\/\/www.w3.org\/2000\/svg&#039; x=&#039;0px&#039; y=&#039;0px&#039; width=&#039;172px&#039; height=&#039;126px&#039; viewBox=&#039;0 0 172 125.7&#039; enable-background=&#039;0 0 172 125.7&#039; xml:space=&#039;preserve&#039; %3E%3Cpath fill=&#039;%23001239&#039; d=&#039;M173,22.7c-33.9,0-44.7-14.1-88.4-14.1c-43.6,0-54.5,14.1-86,14.1V126l174.4-0.3C173,125.7,173,28.7,173,22.7z&#039;\/%3E%3C\/svg%3E&quot;)\" ><\/span>\n        <\/a>\t\t<\/div>\n\t<\/div>\n<\/div><\/div>[\/vc_column][\/vc_row][vc_row enable_surfer_icon=&#8221;no&#8221; css=&#8221;.vc_custom_1579771923784{padding-top: 59px !important;}&#8221;][vc_column offset=&#8221;vc_col-lg-offset-0 vc_col-lg-6 vc_col-md-offset-0 vc_col-md-12 vc_col-sm-offset-0 vc_col-xs-12&#8243; el_class=&#8221;qodef-map&#8221;][vc_column_text]<\/p>\n<h2><strong>PHOTOS JET SKI<\/strong><\/h2>\n<p>[\/vc_column_text][\/vc_column][vc_column css=&#8221;.vc_custom_1550505500194{margin-left: -15px !important;padding-left: 0px !important;}&#8221; offset=&#8221;vc_col-lg-offset-0 vc_col-lg-6 vc_col-md-offset-0 vc_col-md-12 vc_col-sm-offset-0&#8243;][\/vc_column][\/vc_row][vc_row enable_surfer_icon=&#8221;no&#8221; css=&#8221;.vc_custom_1579772034878{padding-top: 19px !important;}&#8221;][vc_column]<div class=\"qodef-image-gallery qodef-grid-list qodef-disable-bottom-space  qodef-ig-grid-type qodef-three-columns qodef-tiny-space  qodef-image-behavior-lightbox\">\n\t<div class=\"qodef-ig-inner qodef-outer-space\">\n\t\t\t\t\t<div class=\"qodef-ig-image qodef-item-space\">\n\t\t\t\t<div class=\"qodef-ig-image-inner\">\n\t\t\t\t\t\t\t\t\t\t\t<a itemprop=\"image\" class=\"qodef-ig-lightbox\" href=\"https:\/\/ajflywatersports.es\/wp-content\/uploads\/2023\/03\/imagen-motos-de-agua-4.webp\" data-rel=\"prettyPhoto[image_gallery_pretty_photo-920]\" title=\"imagen-motos-de-agua-4\">\n\t\t\t\t\t\t\t\t\t\t\t<img loading=\"lazy\" decoding=\"async\" width=\"600\" height=\"466\" src=\"https:\/\/ajflywatersports.es\/wp-content\/uploads\/2023\/03\/imagen-motos-de-agua-4.webp\" class=\"attachment-full size-full\" alt=\"\" srcset=\"https:\/\/ajflywatersports.es\/wp-content\/uploads\/2023\/03\/imagen-motos-de-agua-4.webp 600w, https:\/\/ajflywatersports.es\/wp-content\/uploads\/2023\/03\/imagen-motos-de-agua-4-300x233.webp 300w\" sizes=\"auto, (max-width: 600px) 100vw, 600px\" title=\"\">\t\t\t\t\t\t\t\t\t\t\t<\/a>\n\t\t\t\t\t\t\t\t\t<\/div>\n\t\t\t<\/div>\n\t\t\t\t\t<div class=\"qodef-ig-image qodef-item-space\">\n\t\t\t\t<div class=\"qodef-ig-image-inner\">\n\t\t\t\t\t\t\t\t\t\t\t<a itemprop=\"image\" class=\"qodef-ig-lightbox\" href=\"https:\/\/ajflywatersports.es\/wp-content\/uploads\/2023\/03\/imagen-5-galeria-motos-agua-tenerife.webp\" data-rel=\"prettyPhoto[image_gallery_pretty_photo-920]\" title=\"imagen-5-galeria-motos-agua-tenerife\">\n\t\t\t\t\t\t\t\t\t\t\t<img loading=\"lazy\" decoding=\"async\" width=\"600\" height=\"466\" src=\"https:\/\/ajflywatersports.es\/wp-content\/uploads\/2023\/03\/imagen-5-galeria-motos-agua-tenerife.webp\" class=\"attachment-full size-full\" alt=\"\" srcset=\"https:\/\/ajflywatersports.es\/wp-content\/uploads\/2023\/03\/imagen-5-galeria-motos-agua-tenerife.webp 600w, https:\/\/ajflywatersports.es\/wp-content\/uploads\/2023\/03\/imagen-5-galeria-motos-agua-tenerife-300x233.webp 300w\" sizes=\"auto, (max-width: 600px) 100vw, 600px\" title=\"\">\t\t\t\t\t\t\t\t\t\t\t<\/a>\n\t\t\t\t\t\t\t\t\t<\/div>\n\t\t\t<\/div>\n\t\t\t\t\t<div class=\"qodef-ig-image qodef-item-space\">\n\t\t\t\t<div class=\"qodef-ig-image-inner\">\n\t\t\t\t\t\t\t\t\t\t\t<a itemprop=\"image\" class=\"qodef-ig-lightbox\" href=\"https:\/\/ajflywatersports.es\/wp-content\/uploads\/2023\/03\/imagen-3-galeria-motos-agua-tenerife-1.webp\" data-rel=\"prettyPhoto[image_gallery_pretty_photo-920]\" title=\"imagen-3-galeria-motos-agua-tenerife-1\">\n\t\t\t\t\t\t\t\t\t\t\t<img loading=\"lazy\" decoding=\"async\" width=\"600\" height=\"466\" src=\"https:\/\/ajflywatersports.es\/wp-content\/uploads\/2023\/03\/imagen-3-galeria-motos-agua-tenerife-1.webp\" class=\"attachment-full size-full\" alt=\"\" srcset=\"https:\/\/ajflywatersports.es\/wp-content\/uploads\/2023\/03\/imagen-3-galeria-motos-agua-tenerife-1.webp 600w, https:\/\/ajflywatersports.es\/wp-content\/uploads\/2023\/03\/imagen-3-galeria-motos-agua-tenerife-1-300x233.webp 300w\" sizes=\"auto, (max-width: 600px) 100vw, 600px\" title=\"\">\t\t\t\t\t\t\t\t\t\t\t<\/a>\n\t\t\t\t\t\t\t\t\t<\/div>\n\t\t\t<\/div>\n\t\t\t\t\t<div class=\"qodef-ig-image qodef-item-space\">\n\t\t\t\t<div class=\"qodef-ig-image-inner\">\n\t\t\t\t\t\t\t\t\t\t\t<a itemprop=\"image\" class=\"qodef-ig-lightbox\" href=\"https:\/\/ajflywatersports.es\/wp-content\/uploads\/2023\/03\/imagen-4-galeria-motos-agua-tenerife.webp\" data-rel=\"prettyPhoto[image_gallery_pretty_photo-920]\" title=\"imagen-4-galeria-motos-agua-tenerife\">\n\t\t\t\t\t\t\t\t\t\t\t<img loading=\"lazy\" decoding=\"async\" width=\"600\" height=\"466\" src=\"https:\/\/ajflywatersports.es\/wp-content\/uploads\/2023\/03\/imagen-4-galeria-motos-agua-tenerife.webp\" class=\"attachment-full size-full\" alt=\"\" srcset=\"https:\/\/ajflywatersports.es\/wp-content\/uploads\/2023\/03\/imagen-4-galeria-motos-agua-tenerife.webp 600w, https:\/\/ajflywatersports.es\/wp-content\/uploads\/2023\/03\/imagen-4-galeria-motos-agua-tenerife-300x233.webp 300w\" sizes=\"auto, (max-width: 600px) 100vw, 600px\" title=\"\">\t\t\t\t\t\t\t\t\t\t\t<\/a>\n\t\t\t\t\t\t\t\t\t<\/div>\n\t\t\t<\/div>\n\t\t\t\t\t<div class=\"qodef-ig-image qodef-item-space\">\n\t\t\t\t<div class=\"qodef-ig-image-inner\">\n\t\t\t\t\t\t\t\t\t\t\t<a itemprop=\"image\" class=\"qodef-ig-lightbox\" href=\"https:\/\/ajflywatersports.es\/wp-content\/uploads\/2023\/03\/imagen-2-galeria-motos-agua-tenerife-1.webp\" data-rel=\"prettyPhoto[image_gallery_pretty_photo-920]\" title=\"imagen-2-galeria-motos-agua-tenerife-1\">\n\t\t\t\t\t\t\t\t\t\t\t<img loading=\"lazy\" decoding=\"async\" width=\"600\" height=\"466\" src=\"https:\/\/ajflywatersports.es\/wp-content\/uploads\/2023\/03\/imagen-2-galeria-motos-agua-tenerife-1.webp\" class=\"attachment-full size-full\" alt=\"\" srcset=\"https:\/\/ajflywatersports.es\/wp-content\/uploads\/2023\/03\/imagen-2-galeria-motos-agua-tenerife-1.webp 600w, https:\/\/ajflywatersports.es\/wp-content\/uploads\/2023\/03\/imagen-2-galeria-motos-agua-tenerife-1-300x233.webp 300w\" sizes=\"auto, (max-width: 600px) 100vw, 600px\" title=\"\">\t\t\t\t\t\t\t\t\t\t\t<\/a>\n\t\t\t\t\t\t\t\t\t<\/div>\n\t\t\t<\/div>\n\t\t\t\t\t<div class=\"qodef-ig-image qodef-item-space\">\n\t\t\t\t<div class=\"qodef-ig-image-inner\">\n\t\t\t\t\t\t\t\t\t\t\t<a itemprop=\"image\" class=\"qodef-ig-lightbox\" href=\"https:\/\/ajflywatersports.es\/wp-content\/uploads\/2023\/03\/imagen-1-galeria-motos-agua-tenerife-1.webp\" data-rel=\"prettyPhoto[image_gallery_pretty_photo-920]\" title=\"imagen-1-galeria-motos-agua-tenerife-1\">\n\t\t\t\t\t\t\t\t\t\t\t<img loading=\"lazy\" decoding=\"async\" width=\"600\" height=\"466\" src=\"https:\/\/ajflywatersports.es\/wp-content\/uploads\/2023\/03\/imagen-1-galeria-motos-agua-tenerife-1.webp\" class=\"attachment-full size-full\" alt=\"Moto de Agua Tenerife\" srcset=\"https:\/\/ajflywatersports.es\/wp-content\/uploads\/2023\/03\/imagen-1-galeria-motos-agua-tenerife-1.webp 600w, https:\/\/ajflywatersports.es\/wp-content\/uploads\/2023\/03\/imagen-1-galeria-motos-agua-tenerife-1-300x233.webp 300w\" sizes=\"auto, (max-width: 600px) 100vw, 600px\" title=\"\">\t\t\t\t\t\t\t\t\t\t\t<\/a>\n\t\t\t\t\t\t\t\t\t<\/div>\n\t\t\t<\/div>\n\t\t\t<\/div>\n<\/div>[\/vc_column][\/vc_row][vc_row enable_surfer_icon=&#8221;no&#8221; css=&#8221;.vc_custom_1579771977111{padding-top: 64px !important;}&#8221;][vc_column offset=&#8221;vc_col-lg-offset-0 vc_col-lg-6 vc_col-md-offset-0 vc_col-md-12 vc_col-sm-offset-0 vc_col-xs-12&#8243; el_class=&#8221;qodef-map&#8221;][vc_column_text]<\/p>\n<h2><strong>WHERE TO MEET US<\/strong><\/h2>\n<p>[\/vc_column_text][\/vc_column][vc_column css=&#8221;.vc_custom_1550505500194{margin-left: -15px !important;padding-left: 0px !important;}&#8221; offset=&#8221;vc_col-lg-offset-0 vc_col-lg-6 vc_col-md-offset-0 vc_col-md-12 vc_col-sm-offset-0&#8243;][\/vc_column][\/vc_row][vc_column css=&#8221;.vc_custom_1550505500194{margin-left: -15px !important;padding-left: 0px !important;}&#8221; offset=&#8221;vc_col-lg-offset-0 vc_col-lg-6 vc_col-md-offset-0 vc_col-md-12 vc_col-sm-offset-0&#8243;][\/vc_column][vc_row enable_surfer_icon=&#8221;no&#8221; css=&#8221;.vc_custom_1646798718609{padding-top: 17px !important;}&#8221;][vc_column][vc_column_text]<iframe loading=\"lazy\" style=\"border: 0;\" src=\"https:\/\/www.google.com\/maps\/embed?pb=!1m14!1m8!1m3!1d14080.975886007565!2d-16.7360352!3d28.0781001!3m2!1i1024!2i768!4f13.1!3m3!1m2!1s0x0%3A0x83d2e83f3ca0364!2sAj.Fly+Parascending+Tenerife!5e0!3m2!1ses!2ses!4v1561299192476!5m2!1ses!2ses\" width=\"1024\" height=\"525\" frameborder=\"0\" allowfullscreen=\"allowfullscreen\"><\/iframe>[\/vc_column_text][\/vc_column][\/vc_row]<\/p>\n","protected":false},"excerpt":{"rendered":"<p>[vc_row enable_surfer_icon=&#8221;no&#8221;][vc_column][vc_single_image image=&#8221;4227&#8243; img_size=&#8221;full&#8221;][\/vc_column][\/vc_row][vc_row enable_surfer_icon=&#8221;no&#8221; css=&#8221;.vc_custom_1579277130626{padding-top: 16px !important;}&#8221;][vc_column offset=&#8221;vc_col-lg-offset-0 vc_col-lg-12 vc_col-md-offset-0 vc_col-md-12 vc_col-sm-offset-0 vc_col-xs-12&#8243; el_class=&#8221;qodef-map&#8221;][vc_column_text] JET SKI TENERIFE COSTA ADEJE TENERIFE [\/vc_column_text][\/vc_column][\/vc_row][vc_row content_text_aligment=&#8221;left&#8221; enable_surfer_icon=&#8221;no&#8221; css=&#8221;.vc_custom_1582543773844{padding-top: 14px !important;}&#8221;][vc_column][vc_column_text]Jet Ski Tenerife Costa Adeje: Want to feel the adrenaline of riding along the [&hellip;]<\/p>\n","protected":false},"author":1,"featured_media":0,"parent":0,"menu_order":0,"comment_status":"closed","ping_status":"closed","template":"","meta":{"footnotes":""},"class_list":["post-3825","page","type-page","status-publish","hentry"],"_links":{"self":[{"href":"https:\/\/ajflywatersports.es\/en\/wp-json\/wp\/v2\/pages\/3825","targetHints":{"allow":["GET"]}}],"collection":[{"href":"https:\/\/ajflywatersports.es\/en\/wp-json\/wp\/v2\/pages"}],"about":[{"href":"https:\/\/ajflywatersports.es\/en\/wp-json\/wp\/v2\/types\/page"}],"author":[{"embeddable":true,"href":"https:\/\/ajflywatersports.es\/en\/wp-json\/wp\/v2\/users\/1"}],"replies":[{"embeddable":true,"href":"https:\/\/ajflywatersports.es\/en\/wp-json\/wp\/v2\/comments?post=3825"}],"version-history":[{"count":6,"href":"https:\/\/ajflywatersports.es\/en\/wp-json\/wp\/v2\/pages\/3825\/revisions"}],"predecessor-version":[{"id":4717,"href":"https:\/\/ajflywatersports.es\/en\/wp-json\/wp\/v2\/pages\/3825\/revisions\/4717"}],"wp:attachment":[{"href":"https:\/\/ajflywatersports.es\/en\/wp-json\/wp\/v2\/media?parent=3825"}],"curies":[{"name":"wp","href":"https:\/\/api.w.org\/{rel}","templated":true}]}}